{"id":95,"date":"2020-08-21T16:32:17","date_gmt":"2020-08-21T21:32:17","guid":{"rendered":"http:\/\/localhost:8080\/wordpress1\/?page_id=95"},"modified":"2021-06-04T15:11:03","modified_gmt":"2021-06-04T20:11:03","slug":"transparencia","status":"publish","type":"page","link":"https:\/\/www.coacunionpopular.com\/wordpress\/coac-union-popular\/transparencia\/","title":{"rendered":"Transparencia"},"content":{"rendered":"\t\t<div data-elementor-type=\"wp-page\" data-elementor-id=\"95\" class=\"elementor elementor-95\">\n\t\t\t\t\t\t<section class=\"elementor-section elementor-top-section elementor-element elementor-element-6f310e58 elementor-section-boxed elementor-section-height-default elementor-section-height-default\" data-id=\"6f310e58\" data-element_type=\"section\" data-e-type=\"section\">\n\t\t\t\t\t\t<div class=\"elementor-container elementor-column-gap-default\">\n\t\t\t\t\t<div class=\"elementor-column elementor-col-100 elementor-top-column elementor-element elementor-element-2647f988\" data-id=\"2647f988\" data-element_type=\"column\" data-e-type=\"column\">\n\t\t\t<div class=\"elementor-widget-wrap elementor-element-populated\">\n\t\t\t\t\t\t<div class=\"elementor-element elementor-element-24c254d4 elementor-widget elementor-widget-heading\" data-id=\"24c254d4\" data-element_type=\"widget\" data-e-type=\"widget\" data-widget_type=\"heading.default\">\n\t\t\t\t<div class=\"elementor-widget-container\">\n\t\t\t\t\t<h3 class=\"elementor-heading-title elementor-size-large\">transparencia<\/h3>\t\t\t\t<\/div>\n\t\t\t\t<\/div>\n\t\t\t\t\t<\/div>\n\t\t<\/div>\n\t\t\t\t\t<\/div>\n\t\t<\/section>\n\t\t\t\t<section class=\"elementor-section elementor-top-section elementor-element elementor-element-2dccf4c elementor-section-boxed elementor-section-height-default elementor-section-height-default\" data-id=\"2dccf4c\" data-element_type=\"section\" data-e-type=\"section\">\n\t\t\t\t\t\t<div class=\"elementor-container elementor-column-gap-default\">\n\t\t\t\t\t<div class=\"elementor-column elementor-col-100 elementor-top-column elementor-element elementor-element-e73b577\" data-id=\"e73b577\" data-element_type=\"column\" data-e-type=\"column\">\n\t\t\t<div class=\"elementor-widget-wrap elementor-element-populated\">\n\t\t\t\t\t\t<div class=\"elementor-element elementor-element-c4ab5a1 elementor-widget elementor-widget-heading\" data-id=\"c4ab5a1\" data-element_type=\"widget\" data-e-type=\"widget\" data-widget_type=\"heading.default\">\n\t\t\t\t<div class=\"elementor-widget-container\">\n\t\t\t\t\t<h3 class=\"elementor-heading-title elementor-size-large\">Base Legal:<\/h3>\t\t\t\t<\/div>\n\t\t\t\t<\/div>\n\t\t\t\t<div class=\"elementor-element elementor-element-4b65e5fd elementor-widget elementor-widget-text-editor\" data-id=\"4b65e5fd\" data-element_type=\"widget\" data-e-type=\"widget\" data-widget_type=\"text-editor.default\">\n\t\t\t\t<div class=\"elementor-widget-container\">\n\t\t\t\t\t\t\t\t\t<p>La instituci\u00f3n fue creada el 17 de diciembre de 1971, seg\u00fan Acuerdo Ministerial N\u00ba 3185 del Ministerio de Bienestar Social denomin\u00e1ndose como: COOPERATIVA DE AHORRO Y CR\u00c9DITO \u201cUNI\u00d3N POPULAR\u201d LTDA., una vez cumplido los requisitos legales impuestas por la Ley de Cooperativas.<\/p><p>La Cooperativa de Ahorro y Cr\u00e9dito \u201cUni\u00f3n Popular\u201d Ltda., abre sus puertas al\u00a0 p\u00fablico en general, mediante lo dispuesto por la Direcci\u00f3n General de\u00a0 Cooperativas de la Superintendencia de Bancos, seg\u00fan Resoluci\u00f3n N\u00ba 91-029-DGC), adem\u00e1s se adjunta la certificaci\u00f3n de la Direcci\u00f3n\u00a0 Nacional de Cooperativas que fue publicado en el Registro\u00a0 Oficial N\u00ba 128 del 20 Febrero 1985, (Ver Anexo # 4) donde se reforman los estatutos internos, la entidad est\u00e1 bajo la direcci\u00f3n y control de la\u00a0\u00a0 Direcci\u00f3n\u00a0 Nacional de Cooperativas, adem\u00e1s la instituci\u00f3n se rige por lo dispuesto en la Ley General de Cooperativas y su Reglamento, C\u00f3digo de Trabajo, Ley de R\u00e9gimen Tributario Interno, los Estatutos, Reglamentos, m\u00e1s disposiciones internas.<\/p>\t\t\t\t\t\t\t\t<\/div>\n\t\t\t\t<\/div>\n\t\t\t\t<div class=\"elementor-element elementor-element-402571a elementor-widget elementor-widget-heading\" data-id=\"402571a\" data-element_type=\"widget\" data-e-type=\"widget\" data-widget_type=\"heading.default\">\n\t\t\t\t<div class=\"elementor-widget-container\">\n\t\t\t\t\t<h3 class=\"elementor-heading-title elementor-size-large\">Documentos y Leyes:<\/h3>\t\t\t\t<\/div>\n\t\t\t\t<\/div>\n\t\t\t\t<div class=\"elementor-element elementor-element-8e220ea elementor-icon-list--layout-traditional elementor-list-item-link-full_width elementor-widget elementor-widget-icon-list\" data-id=\"8e220ea\" data-element_type=\"widget\" data-e-type=\"widget\" data-widget_type=\"icon-list.default\">\n\t\t\t\t<div class=\"elementor-widget-container\">\n\t\t\t\t\t\t\t<ul class=\"elementor-icon-list-items\">\n\t\t\t\t\t\t\t<li class=\"elementor-icon-list-item\">\n\t\t\t\t\t\t\t\t\t\t\t<a href=\"https:\/\/www.coacunionpopular.com\/wordpress\/wp-content\/uploads\/2020\/10\/CODIGO_ORGANICO_MONETARIO_FINANCIERO.pdf\" target=\"_blank\">\n\n\t\t\t\t\t\t\t\t\t\t\t\t<span class=\"elementor-icon-list-icon\">\n\t\t\t\t\t\t\t<svg xmlns=\"http:\/\/www.w3.org\/2000\/svg\" id=\"Capa_1\" data-name=\"Capa 1\" viewBox=\"0 0 43 54\"><defs><style>.cls-1{fill:#f6e036;}<\/style><\/defs><title>final<\/title><path class=\"cls-1\" d=\"M27.35,29l-13-11.73a4.15,4.15,0,0,1,0-6.27h0a5.29,5.29,0,0,1,6.94,0l13,11.73a4.13,4.13,0,0,1,0,6.27h0A5.28,5.28,0,0,1,27.35,29Z\"><\/path><path class=\"cls-1\" d=\"M34.56,29.12l-13,11.73a5.28,5.28,0,0,1-6.93,0h0a4.13,4.13,0,0,1,0-6.27l13-11.73a5.28,5.28,0,0,1,6.93,0h0A4.13,4.13,0,0,1,34.56,29.12Z\"><\/path><\/svg>\t\t\t\t\t\t<\/span>\n\t\t\t\t\t\t\t\t\t\t<span class=\"elementor-icon-list-text\">C\u00f3digo Org\u00e1nico Monetario Financiero (COMYF).<\/span>\n\t\t\t\t\t\t\t\t\t\t\t<\/a>\n\t\t\t\t\t\t\t\t\t<\/li>\n\t\t\t\t\t\t\t\t<li class=\"elementor-icon-list-item\">\n\t\t\t\t\t\t\t\t\t\t\t<a href=\"https:\/\/www.coacunionpopular.com\/wordpress\/wp-content\/uploads\/2020\/10\/LEY-ORGANICA-DE-ECONOMIA-POPULAR-Y-SOLIDARIA-actualizada-noviembre-2018.pdf\" target=\"_blank\">\n\n\t\t\t\t\t\t\t\t\t\t\t\t<span class=\"elementor-icon-list-icon\">\n\t\t\t\t\t\t\t<svg xmlns=\"http:\/\/www.w3.org\/2000\/svg\" id=\"Capa_1\" data-name=\"Capa 1\" viewBox=\"0 0 43 54\"><defs><style>.cls-1{fill:#f6e036;}<\/style><\/defs><title>final<\/title><path class=\"cls-1\" d=\"M27.35,29l-13-11.73a4.15,4.15,0,0,1,0-6.27h0a5.29,5.29,0,0,1,6.94,0l13,11.73a4.13,4.13,0,0,1,0,6.27h0A5.28,5.28,0,0,1,27.35,29Z\"><\/path><path class=\"cls-1\" d=\"M34.56,29.12l-13,11.73a5.28,5.28,0,0,1-6.93,0h0a4.13,4.13,0,0,1,0-6.27l13-11.73a5.28,5.28,0,0,1,6.93,0h0A4.13,4.13,0,0,1,34.56,29.12Z\"><\/path><\/svg>\t\t\t\t\t\t<\/span>\n\t\t\t\t\t\t\t\t\t\t<span class=\"elementor-icon-list-text\">Ley Org\u00e1nica de Econom\u00eda Popular y Solidaria.<\/span>\n\t\t\t\t\t\t\t\t\t\t\t<\/a>\n\t\t\t\t\t\t\t\t\t<\/li>\n\t\t\t\t\t\t\t\t<li class=\"elementor-icon-list-item\">\n\t\t\t\t\t\t\t\t\t\t\t<a href=\"https:\/\/www.coacunionpopular.com\/wordpress\/wp-content\/uploads\/2020\/10\/REGLAMENTO-GENERAL-DE-LA-LEY-ORGANICA-DE-ECONOMIA-POPULAR-Y-SOLIDARIA-agosto2020.pdf\" target=\"_blank\">\n\n\t\t\t\t\t\t\t\t\t\t\t\t<span class=\"elementor-icon-list-icon\">\n\t\t\t\t\t\t\t<svg xmlns=\"http:\/\/www.w3.org\/2000\/svg\" id=\"Capa_1\" data-name=\"Capa 1\" viewBox=\"0 0 43 54\"><defs><style>.cls-1{fill:#f6e036;}<\/style><\/defs><title>final<\/title><path class=\"cls-1\" d=\"M27.35,29l-13-11.73a4.15,4.15,0,0,1,0-6.27h0a5.29,5.29,0,0,1,6.94,0l13,11.73a4.13,4.13,0,0,1,0,6.27h0A5.28,5.28,0,0,1,27.35,29Z\"><\/path><path class=\"cls-1\" d=\"M34.56,29.12l-13,11.73a5.28,5.28,0,0,1-6.93,0h0a4.13,4.13,0,0,1,0-6.27l13-11.73a5.28,5.28,0,0,1,6.93,0h0A4.13,4.13,0,0,1,34.56,29.12Z\"><\/path><\/svg>\t\t\t\t\t\t<\/span>\n\t\t\t\t\t\t\t\t\t\t<span class=\"elementor-icon-list-text\">Reglamento General de la Ley Org\u00e1nica de Econom\u00eda Popular y Solidaria.<\/span>\n\t\t\t\t\t\t\t\t\t\t\t<\/a>\n\t\t\t\t\t\t\t\t\t<\/li>\n\t\t\t\t\t\t\t\t<li class=\"elementor-icon-list-item\">\n\t\t\t\t\t\t\t\t\t\t\t<a href=\"https:\/\/contenido.bce.fin.ec\/docs.php?path=\/documentos\/Estadisticas\/SectorMonFin\/TasasInteres\/Indice.htm\">\n\n\t\t\t\t\t\t\t\t\t\t\t\t<span class=\"elementor-icon-list-icon\">\n\t\t\t\t\t\t\t<svg xmlns=\"http:\/\/www.w3.org\/2000\/svg\" id=\"Capa_1\" data-name=\"Capa 1\" viewBox=\"0 0 43 54\"><defs><style>.cls-1{fill:#f6e036;}<\/style><\/defs><title>final<\/title><path class=\"cls-1\" d=\"M27.35,29l-13-11.73a4.15,4.15,0,0,1,0-6.27h0a5.29,5.29,0,0,1,6.94,0l13,11.73a4.13,4.13,0,0,1,0,6.27h0A5.28,5.28,0,0,1,27.35,29Z\"><\/path><path class=\"cls-1\" d=\"M34.56,29.12l-13,11.73a5.28,5.28,0,0,1-6.93,0h0a4.13,4.13,0,0,1,0-6.27l13-11.73a5.28,5.28,0,0,1,6.93,0h0A4.13,4.13,0,0,1,34.56,29.12Z\"><\/path><\/svg>\t\t\t\t\t\t<\/span>\n\t\t\t\t\t\t\t\t\t\t<span class=\"elementor-icon-list-text\">Tasa de Inter\u00e9s - Banco Central del Ecuador.<\/span>\n\t\t\t\t\t\t\t\t\t\t\t<\/a>\n\t\t\t\t\t\t\t\t\t<\/li>\n\t\t\t\t\t\t<\/ul>\n\t\t\t\t\t\t<\/div>\n\t\t\t\t<\/div>\n\t\t\t\t<div class=\"elementor-element elementor-element-482bdb5 elementor-widget elementor-widget-heading\" data-id=\"482bdb5\" data-element_type=\"widget\" data-e-type=\"widget\" data-widget_type=\"heading.default\">\n\t\t\t\t<div class=\"elementor-widget-container\">\n\t\t\t\t\t<h3 class=\"elementor-heading-title elementor-size-large\">Enlaces de Inter\u00e9s:<\/h3>\t\t\t\t<\/div>\n\t\t\t\t<\/div>\n\t\t\t\t\t<\/div>\n\t\t<\/div>\n\t\t\t\t\t<\/div>\n\t\t<\/section>\n\t\t\t\t<section class=\"elementor-section elementor-top-section elementor-element elementor-element-8049d40 elementor-section-boxed elementor-section-height-default elementor-section-height-default\" data-id=\"8049d40\" data-element_type=\"section\" data-e-type=\"section\">\n\t\t\t\t\t\t<div class=\"elementor-container elementor-column-gap-default\">\n\t\t\t\t\t<div class=\"elementor-column elementor-col-50 elementor-top-column elementor-element elementor-element-cb386a3\" data-id=\"cb386a3\" data-element_type=\"column\" data-e-type=\"column\">\n\t\t\t<div class=\"elementor-widget-wrap elementor-element-populated\">\n\t\t\t\t\t\t<div class=\"elementor-element elementor-element-2421d56 elementor-widget elementor-widget-image\" data-id=\"2421d56\" data-element_type=\"widget\" data-e-type=\"widget\" data-widget_type=\"image.default\">\n\t\t\t\t<div class=\"elementor-widget-container\">\n\t\t\t\t\t\t\t\t\t\t\t\t\t\t\t\t<a href=\"http:\/\/www.seps.gob.ec\/\" target=\"_blank\">\n\t\t\t\t\t\t\t<img decoding=\"async\" src=\"https:\/\/www.coacunionpopular.com\/wordpress\/wp-content\/uploads\/elementor\/thumbs\/LOGO-SEPS-owtrwkq7uta41rkwao8dw9bontken3clu8sh1p8hsw.png\" title=\"LOGO SEPS\" alt=\"LOGO SEPS\" loading=\"lazy\" \/>\t\t\t\t\t\t\t\t<\/a>\n\t\t\t\t\t\t\t\t\t\t\t\t\t\t\t<\/div>\n\t\t\t\t<\/div>\n\t\t\t\t<div class=\"elementor-element elementor-element-3e348a3 elementor-widget elementor-widget-image\" data-id=\"3e348a3\" data-element_type=\"widget\" data-e-type=\"widget\" data-widget_type=\"image.default\">\n\t\t\t\t<div class=\"elementor-widget-container\">\n\t\t\t\t\t\t\t\t\t\t\t\t\t\t\t\t<a href=\"https:\/\/www.superbancos.gob.ec\/bancos\/\" target=\"_blank\">\n\t\t\t\t\t\t\t<img decoding=\"async\" src=\"https:\/\/www.coacunionpopular.com\/wordpress\/wp-content\/uploads\/elementor\/thumbs\/LOGO-SUPERBANCOS-owtrwmlw8hcoozi5zp1n18ululb52hk2ii3g095pgg.png\" title=\"LOGO SUPERBANCOS\" alt=\"LOGO SUPERBANCOS\" loading=\"lazy\" \/>\t\t\t\t\t\t\t\t<\/a>\n\t\t\t\t\t\t\t\t\t\t\t\t\t\t\t<\/div>\n\t\t\t\t<\/div>\n\t\t\t\t<div class=\"elementor-element elementor-element-d6b05af elementor-widget elementor-widget-image\" data-id=\"d6b05af\" data-element_type=\"widget\" data-e-type=\"widget\" data-widget_type=\"image.default\">\n\t\t\t\t<div class=\"elementor-widget-container\">\n\t\t\t\t\t\t\t\t\t\t\t\t\t\t\t\t<a href=\"https:\/\/www.bce.fin.ec\/\" target=\"_blank\">\n\t\t\t\t\t\t\t<img decoding=\"async\" src=\"https:\/\/www.coacunionpopular.com\/wordpress\/wp-content\/uploads\/elementor\/thumbs\/LOGO-BCE-owtrwjsdnz8tq5m9g5trbrk82fp1fe8vi44zkf9vz4.png\" title=\"LOGO BCE\" alt=\"LOGO BCE\" loading=\"lazy\" \/>\t\t\t\t\t\t\t\t<\/a>\n\t\t\t\t\t\t\t\t\t\t\t\t\t\t\t<\/div>\n\t\t\t\t<\/div>\n\t\t\t\t<div class=\"elementor-element elementor-element-e314b54 elementor-widget elementor-widget-image\" data-id=\"e314b54\" data-element_type=\"widget\" data-e-type=\"widget\" data-widget_type=\"image.default\">\n\t\t\t\t<div class=\"elementor-widget-container\">\n\t\t\t\t\t\t\t\t\t\t\t\t\t\t\t\t<a href=\"https:\/\/www.cosede.gob.ec\/\" target=\"_blank\">\n\t\t\t\t\t\t\t<img decoding=\"async\" src=\"https:\/\/www.coacunionpopular.com\/wordpress\/wp-content\/uploads\/elementor\/thumbs\/logo-cosede-owuxsco8onb9jrg8xx1d19ywhjxgsg4851kpbfn2u8.png\" title=\"logo cosede\" alt=\"logo cosede\" loading=\"lazy\" \/>\t\t\t\t\t\t\t\t<\/a>\n\t\t\t\t\t\t\t\t\t\t\t\t\t\t\t<\/div>\n\t\t\t\t<\/div>\n\t\t\t\t\t<\/div>\n\t\t<\/div>\n\t\t\t\t<div class=\"elementor-column elementor-col-50 elementor-top-column elementor-element elementor-element-c6d5d51\" data-id=\"c6d5d51\" data-element_type=\"column\" data-e-type=\"column\">\n\t\t\t<div class=\"elementor-widget-wrap elementor-element-populated\">\n\t\t\t\t\t\t<div class=\"elementor-element elementor-element-5bf5b15 elementor-widget elementor-widget-image\" data-id=\"5bf5b15\" data-element_type=\"widget\" data-e-type=\"widget\" data-widget_type=\"image.default\">\n\t\t\t\t<div class=\"elementor-widget-container\">\n\t\t\t\t\t\t\t\t\t\t\t\t\t\t\t\t<a href=\"https:\/\/www.uafe.gob.ec\/\" target=\"_blank\">\n\t\t\t\t\t\t\t<img decoding=\"async\" src=\"https:\/\/www.coacunionpopular.com\/wordpress\/wp-content\/uploads\/elementor\/thumbs\/logo-uafe-owtrwpfeszgjnte2j89iqq4zmqx8pkv9iw1wg31ixs.png\" title=\"logo uafe\" alt=\"logo uafe\" loading=\"lazy\" \/>\t\t\t\t\t\t\t\t<\/a>\n\t\t\t\t\t\t\t\t\t\t\t\t\t\t\t<\/div>\n\t\t\t\t<\/div>\n\t\t\t\t<div class=\"elementor-element elementor-element-53827dd elementor-widget elementor-widget-image\" data-id=\"53827dd\" data-element_type=\"widget\" data-e-type=\"widget\" data-widget_type=\"image.default\">\n\t\t\t\t<div class=\"elementor-widget-container\">\n\t\t\t\t\t\t\t\t\t\t\t\t\t\t\t\t<a href=\"https:\/\/www.sri.gob.ec\" target=\"_blank\">\n\t\t\t\t\t\t\t<img decoding=\"async\" src=\"https:\/\/www.coacunionpopular.com\/wordpress\/wp-content\/uploads\/elementor\/thumbs\/logo-sri-owtrwmlw8hcoozi5zp1n18ululb52hk2ii3g095pgg.png\" title=\"logo sri\" alt=\"logo sri\" loading=\"lazy\" \/>\t\t\t\t\t\t\t\t<\/a>\n\t\t\t\t\t\t\t\t\t\t\t\t\t\t\t<\/div>\n\t\t\t\t<\/div>\n\t\t\t\t<div class=\"elementor-element elementor-element-d8fd7f0 elementor-widget elementor-widget-image\" data-id=\"d8fd7f0\" data-element_type=\"widget\" data-e-type=\"widget\" data-widget_type=\"image.default\">\n\t\t\t\t<div class=\"elementor-widget-container\">\n\t\t\t\t\t\t\t\t\t\t\t\t\t\t\t\t<a href=\"https:\/\/www.supercias.gob.ec\/portalscvs\/\" target=\"_blank\">\n\t\t\t\t\t\t\t<img decoding=\"async\" src=\"https:\/\/www.coacunionpopular.com\/wordpress\/wp-content\/uploads\/elementor\/thumbs\/logo-supercias-owtrwohkm5f9c7ffopuw68dj1d1vhvrj6reeyt2x40.png\" title=\"logo supercias\" alt=\"logo supercias\" loading=\"lazy\" \/>\t\t\t\t\t\t\t\t<\/a>\n\t\t\t\t\t\t\t\t\t\t\t\t\t\t\t<\/div>\n\t\t\t\t<\/div>\n\t\t\t\t\t<\/div>\n\t\t<\/div>\n\t\t\t\t\t<\/div>\n\t\t<\/section>\n\t\t\t\t<\/div>\n\t\t","protected":false},"excerpt":{"rendered":"<p>transparencia Base Legal: La instituci\u00f3n fue creada el 17 de diciembre de 1971, seg\u00fan Acuerdo Ministerial N\u00ba 3185 del Ministerio de Bienestar Social denomin\u00e1ndose como: COOPERATIVA DE AHORRO Y CR\u00c9DITO \u201cUNI\u00d3N POPULAR\u201d LTDA., una vez cumplido los requisitos legales impuestas por la Ley de Cooperativas. La Cooperativa de Ahorro y Cr\u00e9dito \u201cUni\u00f3n Popular\u201d Ltda., abre [&hellip;]<\/p>\n","protected":false},"author":1,"featured_media":0,"parent":2579,"menu_order":0,"comment_status":"closed","ping_status":"closed","template":"","meta":{"ocean_post_layout":"","ocean_both_sidebars_style":"","ocean_both_sidebars_content_width":0,"ocean_both_sidebars_sidebars_width":0,"ocean_sidebar":"0","ocean_second_sidebar":"0","ocean_disable_margins":"enable","ocean_add_body_class":"","ocean_shortcode_before_top_bar":"","ocean_shortcode_after_top_bar":"","ocean_shortcode_before_header":"","ocean_shortcode_after_header":"","ocean_has_shortcode":"","ocean_shortcode_after_title":"","ocean_shortcode_before_footer_widgets":"","ocean_shortcode_after_footer_widgets":"","ocean_shortcode_before_footer_bottom":"","ocean_shortcode_after_footer_bottom":"","ocean_display_top_bar":"default","ocean_display_header":"default","ocean_header_style":"","ocean_center_header_left_menu":"0","ocean_custom_header_template":"0","ocean_custom_logo":0,"ocean_custom_retina_logo":0,"ocean_custom_logo_max_width":0,"ocean_custom_logo_tablet_max_width":0,"ocean_custom_logo_mobile_max_width":0,"ocean_custom_logo_max_height":0,"ocean_custom_logo_tablet_max_height":0,"ocean_custom_logo_mobile_max_height":0,"ocean_header_custom_menu":"0","ocean_menu_typo_font_family":"0","ocean_menu_typo_font_subset":"","ocean_menu_typo_font_size":0,"ocean_menu_typo_font_size_tablet":0,"ocean_menu_typo_font_size_mobile":0,"ocean_menu_typo_font_size_unit":"px","ocean_menu_typo_font_weight":"","ocean_menu_typo_font_weight_tablet":"","ocean_menu_typo_font_weight_mobile":"","ocean_menu_typo_transform":"","ocean_menu_typo_transform_tablet":"","ocean_menu_typo_transform_mobile":"","ocean_menu_typo_line_height":0,"ocean_menu_typo_line_height_tablet":0,"ocean_menu_typo_line_height_mobile":0,"ocean_menu_typo_line_height_unit":"","ocean_menu_typo_spacing":0,"ocean_menu_typo_spacing_tablet":0,"ocean_menu_typo_spacing_mobile":0,"ocean_menu_typo_spacing_unit":"","ocean_menu_link_color":"","ocean_menu_link_color_hover":"","ocean_menu_link_color_active":"","ocean_menu_link_background":"","ocean_menu_link_hover_background":"","ocean_menu_link_active_background":"","ocean_menu_social_links_bg":"","ocean_menu_social_hover_links_bg":"","ocean_menu_social_links_color":"","ocean_menu_social_hover_links_color":"","ocean_disable_title":"on","ocean_disable_heading":"default","ocean_post_title":"","ocean_post_subheading":"","ocean_post_title_style":"","ocean_post_title_background_color":"","ocean_post_title_background":0,"ocean_post_title_bg_image_position":"","ocean_post_title_bg_image_attachment":"","ocean_post_title_bg_image_repeat":"","ocean_post_title_bg_image_size":"","ocean_post_title_height":0,"ocean_post_title_bg_overlay":0.5,"ocean_post_title_bg_overlay_color":"","ocean_disable_breadcrumbs":"default","ocean_breadcrumbs_color":"","ocean_breadcrumbs_separator_color":"","ocean_breadcrumbs_links_color":"","ocean_breadcrumbs_links_hover_color":"","ocean_display_footer_widgets":"default","ocean_display_footer_bottom":"default","ocean_custom_footer_template":"0","footnotes":""},"class_list":["post-95","page","type-page","status-publish","hentry","entry"],"_links":{"self":[{"href":"https:\/\/www.coacunionpopular.com\/wordpress\/wp-json\/wp\/v2\/pages\/95","targetHints":{"allow":["GET"]}}],"collection":[{"href":"https:\/\/www.coacunionpopular.com\/wordpress\/wp-json\/wp\/v2\/pages"}],"about":[{"href":"https:\/\/www.coacunionpopular.com\/wordpress\/wp-json\/wp\/v2\/types\/page"}],"author":[{"embeddable":true,"href":"https:\/\/www.coacunionpopular.com\/wordpress\/wp-json\/wp\/v2\/users\/1"}],"replies":[{"embeddable":true,"href":"https:\/\/www.coacunionpopular.com\/wordpress\/wp-json\/wp\/v2\/comments?post=95"}],"version-history":[{"count":24,"href":"https:\/\/www.coacunionpopular.com\/wordpress\/wp-json\/wp\/v2\/pages\/95\/revisions"}],"predecessor-version":[{"id":3143,"href":"https:\/\/www.coacunionpopular.com\/wordpress\/wp-json\/wp\/v2\/pages\/95\/revisions\/3143"}],"up":[{"embeddable":true,"href":"https:\/\/www.coacunionpopular.com\/wordpress\/wp-json\/wp\/v2\/pages\/2579"}],"wp:attachment":[{"href":"https:\/\/www.coacunionpopular.com\/wordpress\/wp-json\/wp\/v2\/media?parent=95"}],"curies":[{"name":"wp","href":"https:\/\/api.w.org\/{rel}","templated":true}]}}