{"id":94,"date":"2020-08-21T16:32:17","date_gmt":"2020-08-21T21:32:17","guid":{"rendered":"http:\/\/localhost:8080\/wordpress1\/?page_id=94"},"modified":"2021-07-02T09:17:44","modified_gmt":"2021-07-02T14:17:44","slug":"servicios-no-financieros","status":"publish","type":"page","link":"https:\/\/www.coacunionpopular.com\/wordpress\/servicios-no-financieros\/","title":{"rendered":"Servicios"},"content":{"rendered":"\t\t<div data-elementor-type=\"wp-page\" data-elementor-id=\"94\" class=\"elementor elementor-94\">\n\t\t\t\t\t\t<section class=\"elementor-section elementor-top-section elementor-element elementor-element-b3c2b21 elementor-section-boxed elementor-section-height-default elementor-section-height-default\" data-id=\"b3c2b21\" data-element_type=\"section\" data-e-type=\"section\">\n\t\t\t\t\t\t<div class=\"elementor-container elementor-column-gap-default\">\n\t\t\t\t\t<div class=\"elementor-column elementor-col-100 elementor-top-column elementor-element elementor-element-0b3c9b4\" data-id=\"0b3c9b4\" data-element_type=\"column\" data-e-type=\"column\">\n\t\t\t<div class=\"elementor-widget-wrap elementor-element-populated\">\n\t\t\t\t\t\t<div class=\"elementor-element elementor-element-79aebb8 elementor-widget elementor-widget-spacer\" data-id=\"79aebb8\" data-element_type=\"widget\" data-e-type=\"widget\" data-widget_type=\"spacer.default\">\n\t\t\t\t<div class=\"elementor-widget-container\">\n\t\t\t\t\t\t\t<div class=\"elementor-spacer\">\n\t\t\t<div class=\"elementor-spacer-inner\"><\/div>\n\t\t<\/div>\n\t\t\t\t\t\t<\/div>\n\t\t\t\t<\/div>\n\t\t\t\t\t<\/div>\n\t\t<\/div>\n\t\t\t\t\t<\/div>\n\t\t<\/section>\n\t\t\t\t<section class=\"elementor-section elementor-top-section elementor-element elementor-element-2945da8 elementor-section-boxed elementor-section-height-default elementor-section-height-default\" data-id=\"2945da8\" data-element_type=\"section\" data-e-type=\"section\">\n\t\t\t\t\t\t<div class=\"elementor-container elementor-column-gap-default\">\n\t\t\t\t\t<div class=\"elementor-column elementor-col-100 elementor-top-column elementor-element elementor-element-204e2e2f\" data-id=\"204e2e2f\" data-element_type=\"column\" data-e-type=\"column\">\n\t\t\t<div class=\"elementor-widget-wrap elementor-element-populated\">\n\t\t\t\t\t\t<div class=\"elementor-element elementor-element-190c945b elementor-widget elementor-widget-heading\" data-id=\"190c945b\" data-element_type=\"widget\" data-e-type=\"widget\" data-widget_type=\"heading.default\">\n\t\t\t\t<div class=\"elementor-widget-container\">\n\t\t\t\t\t<h3 class=\"elementor-heading-title elementor-size-large\">Pago Y RECAUDACIONES<\/h3>\t\t\t\t<\/div>\n\t\t\t\t<\/div>\n\t\t\t\t<div class=\"elementor-element elementor-element-291a7f68 elementor-widget elementor-widget-text-editor\" data-id=\"291a7f68\" data-element_type=\"widget\" data-e-type=\"widget\" data-widget_type=\"text-editor.default\">\n\t\t\t\t<div class=\"elementor-widget-container\">\n\t\t\t\t\t\t\t\t\t<p>La Cooperativa de Ahorro y Cr\u00e9dito Uni\u00f3n Popular, una cooperativa confiable, te brinda la facilidad para que realices el pago y recaudaciones de servicios no financieros para tu comodidad.<\/p>\t\t\t\t\t\t\t\t<\/div>\n\t\t\t\t<\/div>\n\t\t\t\t\t<\/div>\n\t\t<\/div>\n\t\t\t\t\t<\/div>\n\t\t<\/section>\n\t\t\t\t<section class=\"elementor-section elementor-top-section elementor-element elementor-element-03e1e08 elementor-section-boxed elementor-section-height-default elementor-section-height-default\" data-id=\"03e1e08\" data-element_type=\"section\" data-e-type=\"section\">\n\t\t\t\t\t\t<div class=\"elementor-container elementor-column-gap-default\">\n\t\t\t\t\t<div class=\"elementor-column elementor-col-50 elementor-top-column elementor-element elementor-element-260af52\" data-id=\"260af52\" data-element_type=\"column\" data-e-type=\"column\">\n\t\t\t<div class=\"elementor-widget-wrap elementor-element-populated\">\n\t\t\t\t\t\t<div class=\"elementor-element elementor-element-fd7629b elementor-widget elementor-widget-text-editor\" data-id=\"fd7629b\" data-element_type=\"widget\" data-e-type=\"widget\" data-widget_type=\"text-editor.default\">\n\t\t\t\t<div class=\"elementor-widget-container\">\n\t\t\t\t\t\t\t\t\t<div id=\"u2001-4\" class=\"clearfix colelem\">\n<h6>Puedes tambi\u00e9n hacer pagos con d\u00e9bitos autom\u00e1ticos \u00a1Solo necesitamos tu autorizaci\u00f3n!<\/h6>\n<\/div>\n<div id=\"pu2002-4\" class=\"clearfix colelem\">\n<div id=\"u2411-17\" class=\"clearfix grpelem\">\n<ul id=\"u2411-15\" class=\"list0 nls-None\">\n<li>\n<h6>Pago de luz, agua, tel\u00e9fono.<\/h6>\n<\/li>\n<li>\n<h6>Recargas telef\u00f3nicas<\/h6>\n<\/li>\n<li>\n<h6>Pago de RISE<\/h6>\n<\/li>\n<li>\n<h6>pago de RUC<\/h6>\n<\/li>\n<li>\n<h6>Pago de Matriculas<\/h6>\n<\/li>\n<li>\n<h6>Pago de plan telef\u00f3nico<\/h6>\n<\/li>\n<li>\n<h6>Seguros Su\u00e1rez<\/h6>\n<\/li>\n<li>\n<h6>Pago Tarjeta MasterCard<\/h6>\n<\/li>\n<li>\n<h6>Recaudaci\u00f3n AVON, LEONISA<\/h6>\n<\/li>\n<li>\n<h6>Pagos ESPOCH, UNACH, y UTPL<\/h6>\n<\/li>\n<li>\n<h6>Muchos m\u00e1s.<\/h6>\n<\/li>\n<\/ul>\n<\/div>\n<\/div>\t\t\t\t\t\t\t\t<\/div>\n\t\t\t\t<\/div>\n\t\t\t\t\t<\/div>\n\t\t<\/div>\n\t\t\t\t<div class=\"elementor-column elementor-col-50 elementor-top-column elementor-element elementor-element-4432601\" data-id=\"4432601\" data-element_type=\"column\" data-e-type=\"column\">\n\t\t\t<div class=\"elementor-widget-wrap elementor-element-populated\">\n\t\t\t\t\t\t<div class=\"elementor-element elementor-element-8e0c29b elementor-widget elementor-widget-image\" data-id=\"8e0c29b\" data-element_type=\"widget\" data-e-type=\"widget\" data-widget_type=\"image.default\">\n\t\t\t\t<div class=\"elementor-widget-container\">\n\t\t\t\t\t\t\t\t\t\t\t\t\t\t\t<img fetchpriority=\"high\" decoding=\"async\" width=\"1024\" height=\"1019\" src=\"https:\/\/www.coacunionpopular.com\/wordpress\/wp-content\/uploads\/2021\/07\/thumbnail_arte-1024x1019.png\" class=\"attachment-large size-large wp-image-3460\" alt=\"\" srcset=\"https:\/\/www.coacunionpopular.com\/wordpress\/wp-content\/uploads\/2021\/07\/thumbnail_arte-1024x1019.png 1024w, https:\/\/www.coacunionpopular.com\/wordpress\/wp-content\/uploads\/2021\/07\/thumbnail_arte-300x300.png 300w, https:\/\/www.coacunionpopular.com\/wordpress\/wp-content\/uploads\/2021\/07\/thumbnail_arte-150x150.png 150w, https:\/\/www.coacunionpopular.com\/wordpress\/wp-content\/uploads\/2021\/07\/thumbnail_arte-768x764.png 768w, https:\/\/www.coacunionpopular.com\/wordpress\/wp-content\/uploads\/2021\/07\/thumbnail_arte.png 1280w\" sizes=\"(max-width: 1024px) 100vw, 1024px\" \/>\t\t\t\t\t\t\t\t\t\t\t\t\t\t\t<\/div>\n\t\t\t\t<\/div>\n\t\t\t\t\t<\/div>\n\t\t<\/div>\n\t\t\t\t\t<\/div>\n\t\t<\/section>\n\t\t\t\t<\/div>\n\t\t","protected":false},"excerpt":{"rendered":"<p>Pago Y RECAUDACIONES La Cooperativa de Ahorro y Cr\u00e9dito Uni\u00f3n Popular, una cooperativa confiable, te brinda la facilidad para que realices el pago y recaudaciones de servicios no financieros para tu comodidad. Puedes tambi\u00e9n hacer pagos con d\u00e9bitos autom\u00e1ticos \u00a1Solo necesitamos tu autorizaci\u00f3n! Pago de luz, agua, tel\u00e9fono. Recargas telef\u00f3nicas Pago de RISE pago de [&hellip;]<\/p>\n","protected":false},"author":1,"featured_media":0,"parent":0,"menu_order":0,"comment_status":"closed","ping_status":"closed","template":"","meta":{"ocean_post_layout":"","ocean_both_sidebars_style":"","ocean_both_sidebars_content_width":0,"ocean_both_sidebars_sidebars_width":0,"ocean_sidebar":"0","ocean_second_sidebar":"0","ocean_disable_margins":"enable","ocean_add_body_class":"","ocean_shortcode_before_top_bar":"","ocean_shortcode_after_top_bar":"","ocean_shortcode_before_header":"","ocean_shortcode_after_header":"","ocean_has_shortcode":"","ocean_shortcode_after_title":"","ocean_shortcode_before_footer_widgets":"","ocean_shortcode_after_footer_widgets":"","ocean_shortcode_before_footer_bottom":"","ocean_shortcode_after_footer_bottom":"","ocean_display_top_bar":"default","ocean_display_header":"default","ocean_header_style":"","ocean_center_header_left_menu":"0","ocean_custom_header_template":"0","ocean_custom_logo":0,"ocean_custom_retina_logo":0,"ocean_custom_logo_max_width":0,"ocean_custom_logo_tablet_max_width":0,"ocean_custom_logo_mobile_max_width":0,"ocean_custom_logo_max_height":0,"ocean_custom_logo_tablet_max_height":0,"ocean_custom_logo_mobile_max_height":0,"ocean_header_custom_menu":"0","ocean_menu_typo_font_family":"0","ocean_menu_typo_font_subset":"","ocean_menu_typo_font_size":0,"ocean_menu_typo_font_size_tablet":0,"ocean_menu_typo_font_size_mobile":0,"ocean_menu_typo_font_size_unit":"px","ocean_menu_typo_font_weight":"","ocean_menu_typo_font_weight_tablet":"","ocean_menu_typo_font_weight_mobile":"","ocean_menu_typo_transform":"","ocean_menu_typo_transform_tablet":"","ocean_menu_typo_transform_mobile":"","ocean_menu_typo_line_height":0,"ocean_menu_typo_line_height_tablet":0,"ocean_menu_typo_line_height_mobile":0,"ocean_menu_typo_line_height_unit":"","ocean_menu_typo_spacing":0,"ocean_menu_typo_spacing_tablet":0,"ocean_menu_typo_spacing_mobile":0,"ocean_menu_typo_spacing_unit":"","ocean_menu_link_color":"","ocean_menu_link_color_hover":"","ocean_menu_link_color_active":"","ocean_menu_link_background":"","ocean_menu_link_hover_background":"","ocean_menu_link_active_background":"","ocean_menu_social_links_bg":"","ocean_menu_social_hover_links_bg":"","ocean_menu_social_links_color":"","ocean_menu_social_hover_links_color":"","ocean_disable_title":"on","ocean_disable_heading":"default","ocean_post_title":"","ocean_post_subheading":"","ocean_post_title_style":"","ocean_post_title_background_color":"","ocean_post_title_background":0,"ocean_post_title_bg_image_position":"","ocean_post_title_bg_image_attachment":"","ocean_post_title_bg_image_repeat":"","ocean_post_title_bg_image_size":"","ocean_post_title_height":0,"ocean_post_title_bg_overlay":0.5,"ocean_post_title_bg_overlay_color":"","ocean_disable_breadcrumbs":"default","ocean_breadcrumbs_color":"","ocean_breadcrumbs_separator_color":"","ocean_breadcrumbs_links_color":"","ocean_breadcrumbs_links_hover_color":"","ocean_display_footer_widgets":"default","ocean_display_footer_bottom":"default","ocean_custom_footer_template":"0","footnotes":""},"class_list":["post-94","page","type-page","status-publish","hentry","entry"],"_links":{"self":[{"href":"https:\/\/www.coacunionpopular.com\/wordpress\/wp-json\/wp\/v2\/pages\/94","targetHints":{"allow":["GET"]}}],"collection":[{"href":"https:\/\/www.coacunionpopular.com\/wordpress\/wp-json\/wp\/v2\/pages"}],"about":[{"href":"https:\/\/www.coacunionpopular.com\/wordpress\/wp-json\/wp\/v2\/types\/page"}],"author":[{"embeddable":true,"href":"https:\/\/www.coacunionpopular.com\/wordpress\/wp-json\/wp\/v2\/users\/1"}],"replies":[{"embeddable":true,"href":"https:\/\/www.coacunionpopular.com\/wordpress\/wp-json\/wp\/v2\/comments?post=94"}],"version-history":[{"count":28,"href":"https:\/\/www.coacunionpopular.com\/wordpress\/wp-json\/wp\/v2\/pages\/94\/revisions"}],"predecessor-version":[{"id":3475,"href":"https:\/\/www.coacunionpopular.com\/wordpress\/wp-json\/wp\/v2\/pages\/94\/revisions\/3475"}],"wp:attachment":[{"href":"https:\/\/www.coacunionpopular.com\/wordpress\/wp-json\/wp\/v2\/media?parent=94"}],"curies":[{"name":"wp","href":"https:\/\/api.w.org\/{rel}","templated":true}]}}