{"id":86,"date":"2020-08-21T16:32:15","date_gmt":"2020-08-21T21:32:15","guid":{"rendered":"http:\/\/localhost:8080\/wordpress1\/?page_id=86"},"modified":"2021-06-04T15:08:21","modified_gmt":"2021-06-04T20:08:21","slug":"historia","status":"publish","type":"page","link":"https:\/\/www.coacunionpopular.com\/wordpress\/coac-union-popular\/historia\/","title":{"rendered":"Historia"},"content":{"rendered":"\t\t<div data-elementor-type=\"wp-page\" data-elementor-id=\"86\" class=\"elementor elementor-86\">\n\t\t\t\t\t\t<section class=\"elementor-section elementor-top-section elementor-element elementor-element-1490910 elementor-section-boxed elementor-section-height-default elementor-section-height-default\" data-id=\"1490910\" data-element_type=\"section\" data-e-type=\"section\">\n\t\t\t\t\t\t<div class=\"elementor-container elementor-column-gap-default\">\n\t\t\t\t\t<div class=\"elementor-column elementor-col-100 elementor-top-column elementor-element elementor-element-f75f625\" data-id=\"f75f625\" data-element_type=\"column\" data-e-type=\"column\">\n\t\t\t<div class=\"elementor-widget-wrap elementor-element-populated\">\n\t\t\t\t\t\t<div class=\"elementor-element elementor-element-381c51b elementor-widget elementor-widget-heading\" data-id=\"381c51b\" data-element_type=\"widget\" data-e-type=\"widget\" data-widget_type=\"heading.default\">\n\t\t\t\t<div class=\"elementor-widget-container\">\n\t\t\t\t\t<h1 class=\"elementor-heading-title elementor-size-large\">Misi\u00f3n, Visi\u00f3n y Valores<\/h1>\t\t\t\t<\/div>\n\t\t\t\t<\/div>\n\t\t\t\t\t<\/div>\n\t\t<\/div>\n\t\t\t\t\t<\/div>\n\t\t<\/section>\n\t\t\t\t<section class=\"elementor-section elementor-top-section elementor-element elementor-element-7f6a974 elementor-section-boxed elementor-section-height-default elementor-section-height-default\" data-id=\"7f6a974\" data-element_type=\"section\" data-e-type=\"section\">\n\t\t\t\t\t\t<div class=\"elementor-container elementor-column-gap-default\">\n\t\t\t\t\t<div class=\"elementor-column elementor-col-100 elementor-top-column elementor-element elementor-element-9cf7cd9\" data-id=\"9cf7cd9\" data-element_type=\"column\" data-e-type=\"column\">\n\t\t\t<div class=\"elementor-widget-wrap elementor-element-populated\">\n\t\t\t\t\t\t<div class=\"elementor-element elementor-element-84387bf elementor-widget elementor-widget-heading\" data-id=\"84387bf\" data-element_type=\"widget\" data-e-type=\"widget\" data-widget_type=\"heading.default\">\n\t\t\t\t<div class=\"elementor-widget-container\">\n\t\t\t\t\t<h1 class=\"elementor-heading-title elementor-size-large\">Misi\u00f3n<\/h1>\t\t\t\t<\/div>\n\t\t\t\t<\/div>\n\t\t\t\t<div class=\"elementor-element elementor-element-24af998 elementor-widget elementor-widget-text-editor\" data-id=\"24af998\" data-element_type=\"widget\" data-e-type=\"widget\" data-widget_type=\"text-editor.default\">\n\t\t\t\t<div class=\"elementor-widget-container\">\n\t\t\t\t\t\t\t\t\t<p>La Cooperativa de Ahorro y Cr\u00e9dito \u201cUni\u00f3n Popular\u201d Ldta, es una entidad financiera que presta servicios de captaci\u00f3n de recursos, operaciones crediticias, y servicios no financieros destinados a micro empresarios brindando confianza.<\/p>\t\t\t\t\t\t\t\t<\/div>\n\t\t\t\t<\/div>\n\t\t\t\t<div class=\"elementor-element elementor-element-cfc96eb elementor-widget elementor-widget-heading\" data-id=\"cfc96eb\" data-element_type=\"widget\" data-e-type=\"widget\" data-widget_type=\"heading.default\">\n\t\t\t\t<div class=\"elementor-widget-container\">\n\t\t\t\t\t<h1 class=\"elementor-heading-title elementor-size-large\">Visi\u00f3n<\/h1>\t\t\t\t<\/div>\n\t\t\t\t<\/div>\n\t\t\t\t<div class=\"elementor-element elementor-element-6930b70 elementor-widget elementor-widget-text-editor\" data-id=\"6930b70\" data-element_type=\"widget\" data-e-type=\"widget\" data-widget_type=\"text-editor.default\">\n\t\t\t\t<div class=\"elementor-widget-container\">\n\t\t\t\t\t\t\t\t\t<p>Ser una instituci\u00f3n financiera s\u00f3lida que trabaje con estrategias definidas y procesos bien establecidos, incrementando nuestro mercado, satisfaciendo las necesidades de nuestros socios, clientes y la comunidad.<\/p>\t\t\t\t\t\t\t\t<\/div>\n\t\t\t\t<\/div>\n\t\t\t\t<div class=\"elementor-element elementor-element-e1f51ff elementor-widget elementor-widget-heading\" data-id=\"e1f51ff\" data-element_type=\"widget\" data-e-type=\"widget\" data-widget_type=\"heading.default\">\n\t\t\t\t<div class=\"elementor-widget-container\">\n\t\t\t\t\t<h1 class=\"elementor-heading-title elementor-size-large\">Valores<\/h1>\t\t\t\t<\/div>\n\t\t\t\t<\/div>\n\t\t\t\t<div class=\"elementor-element elementor-element-63038f4a elementor-icon-list--layout-traditional elementor-list-item-link-full_width elementor-widget elementor-widget-icon-list\" data-id=\"63038f4a\" data-element_type=\"widget\" data-e-type=\"widget\" data-widget_type=\"icon-list.default\">\n\t\t\t\t<div class=\"elementor-widget-container\">\n\t\t\t\t\t\t\t<ul class=\"elementor-icon-list-items\">\n\t\t\t\t\t\t\t<li class=\"elementor-icon-list-item\">\n\t\t\t\t\t\t\t\t\t\t\t<span class=\"elementor-icon-list-icon\">\n\t\t\t\t\t\t\t<svg xmlns=\"http:\/\/www.w3.org\/2000\/svg\" id=\"Capa_1\" data-name=\"Capa 1\" viewBox=\"0 0 43 54\"><defs><style>.cls-1{fill:#f6e036;}<\/style><\/defs><title>final<\/title><path class=\"cls-1\" d=\"M27.35,29l-13-11.73a4.15,4.15,0,0,1,0-6.27h0a5.29,5.29,0,0,1,6.94,0l13,11.73a4.13,4.13,0,0,1,0,6.27h0A5.28,5.28,0,0,1,27.35,29Z\"><\/path><path class=\"cls-1\" d=\"M34.56,29.12l-13,11.73a5.28,5.28,0,0,1-6.93,0h0a4.13,4.13,0,0,1,0-6.27l13-11.73a5.28,5.28,0,0,1,6.93,0h0A4.13,4.13,0,0,1,34.56,29.12Z\"><\/path><\/svg>\t\t\t\t\t\t<\/span>\n\t\t\t\t\t\t\t\t\t\t<span class=\"elementor-icon-list-text\">Respeto.<\/span>\n\t\t\t\t\t\t\t\t\t<\/li>\n\t\t\t\t\t\t\t\t<li class=\"elementor-icon-list-item\">\n\t\t\t\t\t\t\t\t\t\t\t<span class=\"elementor-icon-list-icon\">\n\t\t\t\t\t\t\t<svg xmlns=\"http:\/\/www.w3.org\/2000\/svg\" id=\"Capa_1\" data-name=\"Capa 1\" viewBox=\"0 0 43 54\"><defs><style>.cls-1{fill:#f6e036;}<\/style><\/defs><title>final<\/title><path class=\"cls-1\" d=\"M27.35,29l-13-11.73a4.15,4.15,0,0,1,0-6.27h0a5.29,5.29,0,0,1,6.94,0l13,11.73a4.13,4.13,0,0,1,0,6.27h0A5.28,5.28,0,0,1,27.35,29Z\"><\/path><path class=\"cls-1\" d=\"M34.56,29.12l-13,11.73a5.28,5.28,0,0,1-6.93,0h0a4.13,4.13,0,0,1,0-6.27l13-11.73a5.28,5.28,0,0,1,6.93,0h0A4.13,4.13,0,0,1,34.56,29.12Z\"><\/path><\/svg>\t\t\t\t\t\t<\/span>\n\t\t\t\t\t\t\t\t\t\t<span class=\"elementor-icon-list-text\">Honradez.<\/span>\n\t\t\t\t\t\t\t\t\t<\/li>\n\t\t\t\t\t\t\t\t<li class=\"elementor-icon-list-item\">\n\t\t\t\t\t\t\t\t\t\t\t<span class=\"elementor-icon-list-icon\">\n\t\t\t\t\t\t\t<svg xmlns=\"http:\/\/www.w3.org\/2000\/svg\" id=\"Capa_1\" data-name=\"Capa 1\" viewBox=\"0 0 43 54\"><defs><style>.cls-1{fill:#f6e036;}<\/style><\/defs><title>final<\/title><path class=\"cls-1\" d=\"M27.35,29l-13-11.73a4.15,4.15,0,0,1,0-6.27h0a5.29,5.29,0,0,1,6.94,0l13,11.73a4.13,4.13,0,0,1,0,6.27h0A5.28,5.28,0,0,1,27.35,29Z\"><\/path><path class=\"cls-1\" d=\"M34.56,29.12l-13,11.73a5.28,5.28,0,0,1-6.93,0h0a4.13,4.13,0,0,1,0-6.27l13-11.73a5.28,5.28,0,0,1,6.93,0h0A4.13,4.13,0,0,1,34.56,29.12Z\"><\/path><\/svg>\t\t\t\t\t\t<\/span>\n\t\t\t\t\t\t\t\t\t\t<span class=\"elementor-icon-list-text\">Seguridad.<\/span>\n\t\t\t\t\t\t\t\t\t<\/li>\n\t\t\t\t\t\t\t\t<li class=\"elementor-icon-list-item\">\n\t\t\t\t\t\t\t\t\t\t\t<span class=\"elementor-icon-list-icon\">\n\t\t\t\t\t\t\t<svg xmlns=\"http:\/\/www.w3.org\/2000\/svg\" id=\"Capa_1\" data-name=\"Capa 1\" viewBox=\"0 0 43 54\"><defs><style>.cls-1{fill:#f6e036;}<\/style><\/defs><title>final<\/title><path class=\"cls-1\" d=\"M27.35,29l-13-11.73a4.15,4.15,0,0,1,0-6.27h0a5.29,5.29,0,0,1,6.94,0l13,11.73a4.13,4.13,0,0,1,0,6.27h0A5.28,5.28,0,0,1,27.35,29Z\"><\/path><path class=\"cls-1\" d=\"M34.56,29.12l-13,11.73a5.28,5.28,0,0,1-6.93,0h0a4.13,4.13,0,0,1,0-6.27l13-11.73a5.28,5.28,0,0,1,6.93,0h0A4.13,4.13,0,0,1,34.56,29.12Z\"><\/path><\/svg>\t\t\t\t\t\t<\/span>\n\t\t\t\t\t\t\t\t\t\t<span class=\"elementor-icon-list-text\">Solidaridad.<\/span>\n\t\t\t\t\t\t\t\t\t<\/li>\n\t\t\t\t\t\t\t\t<li class=\"elementor-icon-list-item\">\n\t\t\t\t\t\t\t\t\t\t\t<span class=\"elementor-icon-list-icon\">\n\t\t\t\t\t\t\t<svg xmlns=\"http:\/\/www.w3.org\/2000\/svg\" id=\"Capa_1\" data-name=\"Capa 1\" viewBox=\"0 0 43 54\"><defs><style>.cls-1{fill:#f6e036;}<\/style><\/defs><title>final<\/title><path class=\"cls-1\" d=\"M27.35,29l-13-11.73a4.15,4.15,0,0,1,0-6.27h0a5.29,5.29,0,0,1,6.94,0l13,11.73a4.13,4.13,0,0,1,0,6.27h0A5.28,5.28,0,0,1,27.35,29Z\"><\/path><path class=\"cls-1\" d=\"M34.56,29.12l-13,11.73a5.28,5.28,0,0,1-6.93,0h0a4.13,4.13,0,0,1,0-6.27l13-11.73a5.28,5.28,0,0,1,6.93,0h0A4.13,4.13,0,0,1,34.56,29.12Z\"><\/path><\/svg>\t\t\t\t\t\t<\/span>\n\t\t\t\t\t\t\t\t\t\t<span class=\"elementor-icon-list-text\">Compromiso.<\/span>\n\t\t\t\t\t\t\t\t\t<\/li>\n\t\t\t\t\t\t\t\t<li class=\"elementor-icon-list-item\">\n\t\t\t\t\t\t\t\t\t\t\t<span class=\"elementor-icon-list-icon\">\n\t\t\t\t\t\t\t<svg xmlns=\"http:\/\/www.w3.org\/2000\/svg\" id=\"Capa_1\" data-name=\"Capa 1\" viewBox=\"0 0 43 54\"><defs><style>.cls-1{fill:#f6e036;}<\/style><\/defs><title>final<\/title><path class=\"cls-1\" d=\"M27.35,29l-13-11.73a4.15,4.15,0,0,1,0-6.27h0a5.29,5.29,0,0,1,6.94,0l13,11.73a4.13,4.13,0,0,1,0,6.27h0A5.28,5.28,0,0,1,27.35,29Z\"><\/path><path class=\"cls-1\" d=\"M34.56,29.12l-13,11.73a5.28,5.28,0,0,1-6.93,0h0a4.13,4.13,0,0,1,0-6.27l13-11.73a5.28,5.28,0,0,1,6.93,0h0A4.13,4.13,0,0,1,34.56,29.12Z\"><\/path><\/svg>\t\t\t\t\t\t<\/span>\n\t\t\t\t\t\t\t\t\t\t<span class=\"elementor-icon-list-text\">Responsabilidad.<\/span>\n\t\t\t\t\t\t\t\t\t<\/li>\n\t\t\t\t\t\t<\/ul>\n\t\t\t\t\t\t<\/div>\n\t\t\t\t<\/div>\n\t\t\t\t\t<\/div>\n\t\t<\/div>\n\t\t\t\t\t<\/div>\n\t\t<\/section>\n\t\t\t\t<\/div>\n\t\t","protected":false},"excerpt":{"rendered":"<p>Misi\u00f3n, Visi\u00f3n y Valores Misi\u00f3n La Cooperativa de Ahorro y Cr\u00e9dito \u201cUni\u00f3n Popular\u201d Ldta, es una entidad financiera que presta servicios de captaci\u00f3n de recursos, operaciones crediticias, y servicios no financieros destinados a micro empresarios brindando confianza. Visi\u00f3n Ser una instituci\u00f3n financiera s\u00f3lida que trabaje con estrategias definidas y procesos bien establecidos, incrementando nuestro mercado, [&hellip;]<\/p>\n","protected":false},"author":1,"featured_media":0,"parent":2579,"menu_order":0,"comment_status":"closed","ping_status":"closed","template":"","meta":{"ocean_post_layout":"","ocean_both_sidebars_style":"","ocean_both_sidebars_content_width":0,"ocean_both_sidebars_sidebars_width":0,"ocean_sidebar":"0","ocean_second_sidebar":"0","ocean_disable_margins":"enable","ocean_add_body_class":"","ocean_shortcode_before_top_bar":"","ocean_shortcode_after_top_bar":"","ocean_shortcode_before_header":"","ocean_shortcode_after_header":"","ocean_has_shortcode":"","ocean_shortcode_after_title":"","ocean_shortcode_before_footer_widgets":"","ocean_shortcode_after_footer_widgets":"","ocean_shortcode_before_footer_bottom":"","ocean_shortcode_after_footer_bottom":"","ocean_display_top_bar":"default","ocean_display_header":"default","ocean_header_style":"","ocean_center_header_left_menu":"0","ocean_custom_header_template":"0","ocean_custom_logo":0,"ocean_custom_retina_logo":0,"ocean_custom_logo_max_width":0,"ocean_custom_logo_tablet_max_width":0,"ocean_custom_logo_mobile_max_width":0,"ocean_custom_logo_max_height":0,"ocean_custom_logo_tablet_max_height":0,"ocean_custom_logo_mobile_max_height":0,"ocean_header_custom_menu":"0","ocean_menu_typo_font_family":"0","ocean_menu_typo_font_subset":"","ocean_menu_typo_font_size":0,"ocean_menu_typo_font_size_tablet":0,"ocean_menu_typo_font_size_mobile":0,"ocean_menu_typo_font_size_unit":"px","ocean_menu_typo_font_weight":"","ocean_menu_typo_font_weight_tablet":"","ocean_menu_typo_font_weight_mobile":"","ocean_menu_typo_transform":"","ocean_menu_typo_transform_tablet":"","ocean_menu_typo_transform_mobile":"","ocean_menu_typo_line_height":0,"ocean_menu_typo_line_height_tablet":0,"ocean_menu_typo_line_height_mobile":0,"ocean_menu_typo_line_height_unit":"","ocean_menu_typo_spacing":0,"ocean_menu_typo_spacing_tablet":0,"ocean_menu_typo_spacing_mobile":0,"ocean_menu_typo_spacing_unit":"","ocean_menu_link_color":"","ocean_menu_link_color_hover":"","ocean_menu_link_color_active":"","ocean_menu_link_background":"","ocean_menu_link_hover_background":"","ocean_menu_link_active_background":"","ocean_menu_social_links_bg":"","ocean_menu_social_hover_links_bg":"","ocean_menu_social_links_color":"","ocean_menu_social_hover_links_color":"","ocean_disable_title":"on","ocean_disable_heading":"default","ocean_post_title":"","ocean_post_subheading":"","ocean_post_title_style":"","ocean_post_title_background_color":"","ocean_post_title_background":0,"ocean_post_title_bg_image_position":"","ocean_post_title_bg_image_attachment":"","ocean_post_title_bg_image_repeat":"","ocean_post_title_bg_image_size":"","ocean_post_title_height":0,"ocean_post_title_bg_overlay":0.5,"ocean_post_title_bg_overlay_color":"","ocean_disable_breadcrumbs":"default","ocean_breadcrumbs_color":"","ocean_breadcrumbs_separator_color":"","ocean_breadcrumbs_links_color":"","ocean_breadcrumbs_links_hover_color":"","ocean_display_footer_widgets":"default","ocean_display_footer_bottom":"default","ocean_custom_footer_template":"0","footnotes":""},"class_list":["post-86","page","type-page","status-publish","hentry","entry"],"_links":{"self":[{"href":"https:\/\/www.coacunionpopular.com\/wordpress\/wp-json\/wp\/v2\/pages\/86","targetHints":{"allow":["GET"]}}],"collection":[{"href":"https:\/\/www.coacunionpopular.com\/wordpress\/wp-json\/wp\/v2\/pages"}],"about":[{"href":"https:\/\/www.coacunionpopular.com\/wordpress\/wp-json\/wp\/v2\/types\/page"}],"author":[{"embeddable":true,"href":"https:\/\/www.coacunionpopular.com\/wordpress\/wp-json\/wp\/v2\/users\/1"}],"replies":[{"embeddable":true,"href":"https:\/\/www.coacunionpopular.com\/wordpress\/wp-json\/wp\/v2\/comments?post=86"}],"version-history":[{"count":17,"href":"https:\/\/www.coacunionpopular.com\/wordpress\/wp-json\/wp\/v2\/pages\/86\/revisions"}],"predecessor-version":[{"id":3040,"href":"https:\/\/www.coacunionpopular.com\/wordpress\/wp-json\/wp\/v2\/pages\/86\/revisions\/3040"}],"up":[{"embeddable":true,"href":"https:\/\/www.coacunionpopular.com\/wordpress\/wp-json\/wp\/v2\/pages\/2579"}],"wp:attachment":[{"href":"https:\/\/www.coacunionpopular.com\/wordpress\/wp-json\/wp\/v2\/media?parent=86"}],"curies":[{"name":"wp","href":"https:\/\/api.w.org\/{rel}","templated":true}]}}