{"id":2767,"date":"2021-06-02T14:40:56","date_gmt":"2021-06-02T19:40:56","guid":{"rendered":"http:\/\/coacunionpopular.com\/?page_id=2767"},"modified":"2021-07-02T10:17:13","modified_gmt":"2021-07-02T15:17:13","slug":"elementor-2767","status":"publish","type":"page","link":"https:\/\/www.coacunionpopular.com\/wordpress\/ahorros\/elementor-2767\/","title":{"rendered":"Ahorro a la Vista"},"content":{"rendered":"\t\t<div data-elementor-type=\"wp-page\" data-elementor-id=\"2767\" class=\"elementor elementor-2767\">\n\t\t\t\t\t\t<section class=\"elementor-section elementor-top-section elementor-element elementor-element-55e6b443 elementor-section-height-min-height elementor-section-stretched elementor-section-items-top elementor-section-content-top elementor-section-boxed elementor-section-height-default\" data-id=\"55e6b443\" data-element_type=\"section\" data-e-type=\"section\" data-settings=\"{&quot;background_background&quot;:&quot;slideshow&quot;,&quot;shape_divider_bottom&quot;:&quot;waves&quot;,&quot;background_slideshow_gallery&quot;:[{&quot;id&quot;:2827,&quot;url&quot;:&quot;https:\\\/\\\/www.coacunionpopular.com\\\/wordpress\\\/wp-content\\\/uploads\\\/2021\\\/06\\\/portadas-VISTA_Mesa-de-trabajo-1-scaled.jpg&quot;}],&quot;stretch_section&quot;:&quot;section-stretched&quot;,&quot;background_slideshow_ken_burns&quot;:&quot;yes&quot;,&quot;background_slideshow_loop&quot;:&quot;yes&quot;,&quot;background_slideshow_slide_duration&quot;:5000,&quot;background_slideshow_slide_transition&quot;:&quot;fade&quot;,&quot;background_slideshow_transition_duration&quot;:500,&quot;background_slideshow_ken_burns_zoom_direction&quot;:&quot;in&quot;}\">\n\t\t\t\t\t\t\t<div class=\"elementor-background-overlay\"><\/div>\n\t\t\t\t\t\t<div class=\"elementor-shape elementor-shape-bottom\" aria-hidden=\"true\" data-negative=\"false\">\n\t\t\t<svg xmlns=\"http:\/\/www.w3.org\/2000\/svg\" viewBox=\"0 0 1000 100\" preserveAspectRatio=\"none\">\n\t<path class=\"elementor-shape-fill\" d=\"M421.9,6.5c22.6-2.5,51.5,0.4,75.5,5.3c23.6,4.9,70.9,23.5,100.5,35.7c75.8,32.2,133.7,44.5,192.6,49.7\n\tc23.6,2.1,48.7,3.5,103.4-2.5c54.7-6,106.2-25.6,106.2-25.6V0H0v30.3c0,0,72,32.6,158.4,30.5c39.2-0.7,92.8-6.7,134-22.4\n\tc21.2-8.1,52.2-18.2,79.7-24.2C399.3,7.9,411.6,7.5,421.9,6.5z\"\/>\n<\/svg>\t\t<\/div>\n\t\t\t\t\t<div class=\"elementor-container elementor-column-gap-extended\">\n\t\t\t\t\t<div class=\"elementor-column elementor-col-100 elementor-top-column elementor-element elementor-element-3bad6b94\" data-id=\"3bad6b94\" data-element_type=\"column\" data-e-type=\"column\">\n\t\t\t<div class=\"elementor-widget-wrap elementor-element-populated\">\n\t\t\t\t\t\t<div class=\"elementor-element elementor-element-708a6621 animated-slow elementor-invisible elementor-widget elementor-widget-heading\" data-id=\"708a6621\" data-element_type=\"widget\" data-e-type=\"widget\" data-settings=\"{&quot;_animation&quot;:&quot;fadeIn&quot;}\" data-widget_type=\"heading.default\">\n\t\t\t\t<div class=\"elementor-widget-container\">\n\t\t\t\t\t<h2 class=\"elementor-heading-title elementor-size-medium\">Una cooperativa confiable <\/h2>\t\t\t\t<\/div>\n\t\t\t\t<\/div>\n\t\t\t\t\t<\/div>\n\t\t<\/div>\n\t\t\t\t\t<\/div>\n\t\t<\/section>\n\t\t\t\t<section class=\"elementor-section elementor-top-section elementor-element elementor-element-78692cc1 elementor-section-boxed elementor-section-height-default elementor-section-height-default elementor-invisible\" data-id=\"78692cc1\" data-element_type=\"section\" data-e-type=\"section\" data-settings=\"{&quot;animation&quot;:&quot;fadeInLeft&quot;}\">\n\t\t\t\t\t\t<div class=\"elementor-container elementor-column-gap-default\">\n\t\t\t\t\t<div class=\"elementor-column elementor-col-100 elementor-top-column elementor-element elementor-element-57f830c\" data-id=\"57f830c\" data-element_type=\"column\" data-e-type=\"column\">\n\t\t\t<div class=\"elementor-widget-wrap elementor-element-populated\">\n\t\t\t\t\t\t<div class=\"elementor-element elementor-element-0b8d776 elementor-widget elementor-widget-heading\" data-id=\"0b8d776\" data-element_type=\"widget\" data-e-type=\"widget\" data-widget_type=\"heading.default\">\n\t\t\t\t<div class=\"elementor-widget-container\">\n\t\t\t\t\t<h3 class=\"elementor-heading-title elementor-size-large\">Ahorro a la vista<\/h3>\t\t\t\t<\/div>\n\t\t\t\t<\/div>\n\t\t\t\t<div class=\"elementor-element elementor-element-607767f9 elementor-widget elementor-widget-text-editor\" data-id=\"607767f9\" data-element_type=\"widget\" data-e-type=\"widget\" data-widget_type=\"text-editor.default\">\n\t\t\t\t<div class=\"elementor-widget-container\">\n\t\t\t\t\t\t\t\t\t<p>Te ayudar\u00e1 a mantener tu dinero seguro y disponible cuando t\u00fa quieras.<\/p>\t\t\t\t\t\t\t\t<\/div>\n\t\t\t\t<\/div>\n\t\t\t\t\t<\/div>\n\t\t<\/div>\n\t\t\t\t\t<\/div>\n\t\t<\/section>\n\t\t\t\t<section class=\"elementor-section elementor-top-section elementor-element elementor-element-f2d09ce elementor-section-boxed elementor-section-height-default elementor-section-height-default elementor-invisible\" data-id=\"f2d09ce\" data-element_type=\"section\" data-e-type=\"section\" data-settings=\"{&quot;animation&quot;:&quot;fadeInRight&quot;}\">\n\t\t\t\t\t\t<div class=\"elementor-container elementor-column-gap-default\">\n\t\t\t\t\t<div class=\"elementor-column elementor-col-50 elementor-top-column elementor-element elementor-element-ab4b5e8\" data-id=\"ab4b5e8\" data-element_type=\"column\" data-e-type=\"column\">\n\t\t\t<div class=\"elementor-widget-wrap elementor-element-populated\">\n\t\t\t\t\t\t<div class=\"elementor-element elementor-element-5e6d9f78 elementor-widget elementor-widget-heading\" data-id=\"5e6d9f78\" data-element_type=\"widget\" data-e-type=\"widget\" data-widget_type=\"heading.default\">\n\t\t\t\t<div class=\"elementor-widget-container\">\n\t\t\t\t\t<h3 class=\"elementor-heading-title elementor-size-large\">Beneficios:<\/h3>\t\t\t\t<\/div>\n\t\t\t\t<\/div>\n\t\t\t\t<div class=\"elementor-element elementor-element-fe3b108 elementor-icon-list--layout-traditional elementor-list-item-link-full_width elementor-widget elementor-widget-icon-list\" data-id=\"fe3b108\" data-element_type=\"widget\" data-e-type=\"widget\" data-widget_type=\"icon-list.default\">\n\t\t\t\t<div class=\"elementor-widget-container\">\n\t\t\t\t\t\t\t<ul class=\"elementor-icon-list-items\">\n\t\t\t\t\t\t\t<li class=\"elementor-icon-list-item\">\n\t\t\t\t\t\t\t\t\t\t\t<span class=\"elementor-icon-list-icon\">\n\t\t\t\t\t\t\t<svg xmlns=\"http:\/\/www.w3.org\/2000\/svg\" id=\"Capa_1\" data-name=\"Capa 1\" viewBox=\"0 0 43 54\"><defs><style>.cls-1{fill:#f6e036;}<\/style><\/defs><title>final<\/title><path class=\"cls-1\" d=\"M27.35,29l-13-11.73a4.15,4.15,0,0,1,0-6.27h0a5.29,5.29,0,0,1,6.94,0l13,11.73a4.13,4.13,0,0,1,0,6.27h0A5.28,5.28,0,0,1,27.35,29Z\"><\/path><path class=\"cls-1\" d=\"M34.56,29.12l-13,11.73a5.28,5.28,0,0,1-6.93,0h0a4.13,4.13,0,0,1,0-6.27l13-11.73a5.28,5.28,0,0,1,6.93,0h0A4.13,4.13,0,0,1,34.56,29.12Z\"><\/path><\/svg>\t\t\t\t\t\t<\/span>\n\t\t\t\t\t\t\t\t\t\t<span class=\"elementor-icon-list-text\">Ser socio de la instituci\u00f3n.<\/span>\n\t\t\t\t\t\t\t\t\t<\/li>\n\t\t\t\t\t\t\t\t<li class=\"elementor-icon-list-item\">\n\t\t\t\t\t\t\t\t\t\t\t<span class=\"elementor-icon-list-icon\">\n\t\t\t\t\t\t\t<svg xmlns=\"http:\/\/www.w3.org\/2000\/svg\" id=\"Capa_1\" data-name=\"Capa 1\" viewBox=\"0 0 43 54\"><defs><style>.cls-1{fill:#f6e036;}<\/style><\/defs><title>final<\/title><path class=\"cls-1\" d=\"M27.35,29l-13-11.73a4.15,4.15,0,0,1,0-6.27h0a5.29,5.29,0,0,1,6.94,0l13,11.73a4.13,4.13,0,0,1,0,6.27h0A5.28,5.28,0,0,1,27.35,29Z\"><\/path><path class=\"cls-1\" d=\"M34.56,29.12l-13,11.73a5.28,5.28,0,0,1-6.93,0h0a4.13,4.13,0,0,1,0-6.27l13-11.73a5.28,5.28,0,0,1,6.93,0h0A4.13,4.13,0,0,1,34.56,29.12Z\"><\/path><\/svg>\t\t\t\t\t\t<\/span>\n\t\t\t\t\t\t\t\t\t\t<span class=\"elementor-icon-list-text\">Acceso a servicios m\u00e9dicos.<\/span>\n\t\t\t\t\t\t\t\t\t<\/li>\n\t\t\t\t\t\t\t\t<li class=\"elementor-icon-list-item\">\n\t\t\t\t\t\t\t\t\t\t\t<span class=\"elementor-icon-list-icon\">\n\t\t\t\t\t\t\t<svg xmlns=\"http:\/\/www.w3.org\/2000\/svg\" id=\"Capa_1\" data-name=\"Capa 1\" viewBox=\"0 0 43 54\"><defs><style>.cls-1{fill:#f6e036;}<\/style><\/defs><title>final<\/title><path class=\"cls-1\" d=\"M27.35,29l-13-11.73a4.15,4.15,0,0,1,0-6.27h0a5.29,5.29,0,0,1,6.94,0l13,11.73a4.13,4.13,0,0,1,0,6.27h0A5.28,5.28,0,0,1,27.35,29Z\"><\/path><path class=\"cls-1\" d=\"M34.56,29.12l-13,11.73a5.28,5.28,0,0,1-6.93,0h0a4.13,4.13,0,0,1,0-6.27l13-11.73a5.28,5.28,0,0,1,6.93,0h0A4.13,4.13,0,0,1,34.56,29.12Z\"><\/path><\/svg>\t\t\t\t\t\t<\/span>\n\t\t\t\t\t\t\t\t\t\t<span class=\"elementor-icon-list-text\">Respaldo y seguridad en su dinero.<\/span>\n\t\t\t\t\t\t\t\t\t<\/li>\n\t\t\t\t\t\t\t\t<li class=\"elementor-icon-list-item\">\n\t\t\t\t\t\t\t\t\t\t\t<span class=\"elementor-icon-list-icon\">\n\t\t\t\t\t\t\t<svg xmlns=\"http:\/\/www.w3.org\/2000\/svg\" id=\"Capa_1\" data-name=\"Capa 1\" viewBox=\"0 0 43 54\"><defs><style>.cls-1{fill:#f6e036;}<\/style><\/defs><title>final<\/title><path class=\"cls-1\" d=\"M27.35,29l-13-11.73a4.15,4.15,0,0,1,0-6.27h0a5.29,5.29,0,0,1,6.94,0l13,11.73a4.13,4.13,0,0,1,0,6.27h0A5.28,5.28,0,0,1,27.35,29Z\"><\/path><path class=\"cls-1\" d=\"M34.56,29.12l-13,11.73a5.28,5.28,0,0,1-6.93,0h0a4.13,4.13,0,0,1,0-6.27l13-11.73a5.28,5.28,0,0,1,6.93,0h0A4.13,4.13,0,0,1,34.56,29.12Z\"><\/path><\/svg>\t\t\t\t\t\t<\/span>\n\t\t\t\t\t\t\t\t\t\t<span class=\"elementor-icon-list-text\">No tiene consto de mantenimiento.<\/span>\n\t\t\t\t\t\t\t\t\t<\/li>\n\t\t\t\t\t\t\t\t<li class=\"elementor-icon-list-item\">\n\t\t\t\t\t\t\t\t\t\t\t<span class=\"elementor-icon-list-icon\">\n\t\t\t\t\t\t\t<svg xmlns=\"http:\/\/www.w3.org\/2000\/svg\" id=\"Capa_1\" data-name=\"Capa 1\" viewBox=\"0 0 43 54\"><defs><style>.cls-1{fill:#f6e036;}<\/style><\/defs><title>final<\/title><path class=\"cls-1\" d=\"M27.35,29l-13-11.73a4.15,4.15,0,0,1,0-6.27h0a5.29,5.29,0,0,1,6.94,0l13,11.73a4.13,4.13,0,0,1,0,6.27h0A5.28,5.28,0,0,1,27.35,29Z\"><\/path><path class=\"cls-1\" d=\"M34.56,29.12l-13,11.73a5.28,5.28,0,0,1-6.93,0h0a4.13,4.13,0,0,1,0-6.27l13-11.73a5.28,5.28,0,0,1,6.93,0h0A4.13,4.13,0,0,1,34.56,29.12Z\"><\/path><\/svg>\t\t\t\t\t\t<\/span>\n\t\t\t\t\t\t\t\t\t\t<span class=\"elementor-icon-list-text\">Acceso a cr\u00e9ditos de manera inmediata.<\/span>\n\t\t\t\t\t\t\t\t\t<\/li>\n\t\t\t\t\t\t\t\t<li class=\"elementor-icon-list-item\">\n\t\t\t\t\t\t\t\t\t\t\t<span class=\"elementor-icon-list-icon\">\n\t\t\t\t\t\t\t<svg xmlns=\"http:\/\/www.w3.org\/2000\/svg\" id=\"Capa_1\" data-name=\"Capa 1\" viewBox=\"0 0 43 54\"><defs><style>.cls-1{fill:#f6e036;}<\/style><\/defs><title>final<\/title><path class=\"cls-1\" d=\"M27.35,29l-13-11.73a4.15,4.15,0,0,1,0-6.27h0a5.29,5.29,0,0,1,6.94,0l13,11.73a4.13,4.13,0,0,1,0,6.27h0A5.28,5.28,0,0,1,27.35,29Z\"><\/path><path class=\"cls-1\" d=\"M34.56,29.12l-13,11.73a5.28,5.28,0,0,1-6.93,0h0a4.13,4.13,0,0,1,0-6.27l13-11.73a5.28,5.28,0,0,1,6.93,0h0A4.13,4.13,0,0,1,34.56,29.12Z\"><\/path><\/svg>\t\t\t\t\t\t<\/span>\n\t\t\t\t\t\t\t\t\t\t<span class=\"elementor-icon-list-text\">Accede a beneficios exclusivos Uni\u00f3n Popular.<\/span>\n\t\t\t\t\t\t\t\t\t<\/li>\n\t\t\t\t\t\t\t\t<li class=\"elementor-icon-list-item\">\n\t\t\t\t\t\t\t\t\t\t\t<span class=\"elementor-icon-list-icon\">\n\t\t\t\t\t\t\t<svg xmlns=\"http:\/\/www.w3.org\/2000\/svg\" id=\"Capa_1\" data-name=\"Capa 1\" viewBox=\"0 0 43 54\"><defs><style>.cls-1{fill:#f6e036;}<\/style><\/defs><title>final<\/title><path class=\"cls-1\" d=\"M27.35,29l-13-11.73a4.15,4.15,0,0,1,0-6.27h0a5.29,5.29,0,0,1,6.94,0l13,11.73a4.13,4.13,0,0,1,0,6.27h0A5.28,5.28,0,0,1,27.35,29Z\"><\/path><path class=\"cls-1\" d=\"M34.56,29.12l-13,11.73a5.28,5.28,0,0,1-6.93,0h0a4.13,4.13,0,0,1,0-6.27l13-11.73a5.28,5.28,0,0,1,6.93,0h0A4.13,4.13,0,0,1,34.56,29.12Z\"><\/path><\/svg>\t\t\t\t\t\t<\/span>\n\t\t\t\t\t\t\t\t\t\t<span class=\"elementor-icon-list-text\">Facilidades para pago de servicios mediante d\u00e9bito autom\u00e1tico.<\/span>\n\t\t\t\t\t\t\t\t\t<\/li>\n\t\t\t\t\t\t<\/ul>\n\t\t\t\t\t\t<\/div>\n\t\t\t\t<\/div>\n\t\t\t\t\t<\/div>\n\t\t<\/div>\n\t\t\t\t<div class=\"elementor-column elementor-col-50 elementor-top-column elementor-element elementor-element-cc24ef2\" data-id=\"cc24ef2\" data-element_type=\"column\" data-e-type=\"column\">\n\t\t\t<div class=\"elementor-widget-wrap elementor-element-populated\">\n\t\t\t\t\t\t<div class=\"elementor-element elementor-element-5b751a7 elementor-widget elementor-widget-heading\" data-id=\"5b751a7\" data-element_type=\"widget\" data-e-type=\"widget\" data-widget_type=\"heading.default\">\n\t\t\t\t<div class=\"elementor-widget-container\">\n\t\t\t\t\t<h3 class=\"elementor-heading-title elementor-size-large\">Requisitos:<\/h3>\t\t\t\t<\/div>\n\t\t\t\t<\/div>\n\t\t\t\t<div class=\"elementor-element elementor-element-97b78c0 elementor-icon-list--layout-traditional elementor-list-item-link-full_width elementor-widget elementor-widget-icon-list\" data-id=\"97b78c0\" data-element_type=\"widget\" data-e-type=\"widget\" data-widget_type=\"icon-list.default\">\n\t\t\t\t<div class=\"elementor-widget-container\">\n\t\t\t\t\t\t\t<ul class=\"elementor-icon-list-items\">\n\t\t\t\t\t\t\t<li class=\"elementor-icon-list-item\">\n\t\t\t\t\t\t\t\t\t\t\t<span class=\"elementor-icon-list-icon\">\n\t\t\t\t\t\t\t<svg xmlns=\"http:\/\/www.w3.org\/2000\/svg\" id=\"Capa_1\" data-name=\"Capa 1\" viewBox=\"0 0 43 54\"><defs><style>.cls-1{fill:#f6e036;}<\/style><\/defs><title>final<\/title><path class=\"cls-1\" d=\"M27.35,29l-13-11.73a4.15,4.15,0,0,1,0-6.27h0a5.29,5.29,0,0,1,6.94,0l13,11.73a4.13,4.13,0,0,1,0,6.27h0A5.28,5.28,0,0,1,27.35,29Z\"><\/path><path class=\"cls-1\" d=\"M34.56,29.12l-13,11.73a5.28,5.28,0,0,1-6.93,0h0a4.13,4.13,0,0,1,0-6.27l13-11.73a5.28,5.28,0,0,1,6.93,0h0A4.13,4.13,0,0,1,34.56,29.12Z\"><\/path><\/svg>\t\t\t\t\t\t<\/span>\n\t\t\t\t\t\t\t\t\t\t<span class=\"elementor-icon-list-text\">Ser mayor de 18 a\u00f1os.<\/span>\n\t\t\t\t\t\t\t\t\t<\/li>\n\t\t\t\t\t\t\t\t<li class=\"elementor-icon-list-item\">\n\t\t\t\t\t\t\t\t\t\t\t<span class=\"elementor-icon-list-icon\">\n\t\t\t\t\t\t\t<svg xmlns=\"http:\/\/www.w3.org\/2000\/svg\" id=\"Capa_1\" data-name=\"Capa 1\" viewBox=\"0 0 43 54\"><defs><style>.cls-1{fill:#f6e036;}<\/style><\/defs><title>final<\/title><path class=\"cls-1\" d=\"M27.35,29l-13-11.73a4.15,4.15,0,0,1,0-6.27h0a5.29,5.29,0,0,1,6.94,0l13,11.73a4.13,4.13,0,0,1,0,6.27h0A5.28,5.28,0,0,1,27.35,29Z\"><\/path><path class=\"cls-1\" d=\"M34.56,29.12l-13,11.73a5.28,5.28,0,0,1-6.93,0h0a4.13,4.13,0,0,1,0-6.27l13-11.73a5.28,5.28,0,0,1,6.93,0h0A4.13,4.13,0,0,1,34.56,29.12Z\"><\/path><\/svg>\t\t\t\t\t\t<\/span>\n\t\t\t\t\t\t\t\t\t\t<span class=\"elementor-icon-list-text\">Dep\u00f3sito inicial de $20.<\/span>\n\t\t\t\t\t\t\t\t\t<\/li>\n\t\t\t\t\t\t\t\t<li class=\"elementor-icon-list-item\">\n\t\t\t\t\t\t\t\t\t\t\t<span class=\"elementor-icon-list-icon\">\n\t\t\t\t\t\t\t<svg xmlns=\"http:\/\/www.w3.org\/2000\/svg\" id=\"Capa_1\" data-name=\"Capa 1\" viewBox=\"0 0 43 54\"><defs><style>.cls-1{fill:#f6e036;}<\/style><\/defs><title>final<\/title><path class=\"cls-1\" d=\"M27.35,29l-13-11.73a4.15,4.15,0,0,1,0-6.27h0a5.29,5.29,0,0,1,6.94,0l13,11.73a4.13,4.13,0,0,1,0,6.27h0A5.28,5.28,0,0,1,27.35,29Z\"><\/path><path class=\"cls-1\" d=\"M34.56,29.12l-13,11.73a5.28,5.28,0,0,1-6.93,0h0a4.13,4.13,0,0,1,0-6.27l13-11.73a5.28,5.28,0,0,1,6.93,0h0A4.13,4.13,0,0,1,34.56,29.12Z\"><\/path><\/svg>\t\t\t\t\t\t<\/span>\n\t\t\t\t\t\t\t\t\t\t<span class=\"elementor-icon-list-text\">Copia de C\u00e9dula y certificado de votaci\u00f3n.<\/span>\n\t\t\t\t\t\t\t\t\t<\/li>\n\t\t\t\t\t\t\t\t<li class=\"elementor-icon-list-item\">\n\t\t\t\t\t\t\t\t\t\t\t<span class=\"elementor-icon-list-icon\">\n\t\t\t\t\t\t\t<svg xmlns=\"http:\/\/www.w3.org\/2000\/svg\" id=\"Capa_1\" data-name=\"Capa 1\" viewBox=\"0 0 43 54\"><defs><style>.cls-1{fill:#f6e036;}<\/style><\/defs><title>final<\/title><path class=\"cls-1\" d=\"M27.35,29l-13-11.73a4.15,4.15,0,0,1,0-6.27h0a5.29,5.29,0,0,1,6.94,0l13,11.73a4.13,4.13,0,0,1,0,6.27h0A5.28,5.28,0,0,1,27.35,29Z\"><\/path><path class=\"cls-1\" d=\"M34.56,29.12l-13,11.73a5.28,5.28,0,0,1-6.93,0h0a4.13,4.13,0,0,1,0-6.27l13-11.73a5.28,5.28,0,0,1,6.93,0h0A4.13,4.13,0,0,1,34.56,29.12Z\"><\/path><\/svg>\t\t\t\t\t\t<\/span>\n\t\t\t\t\t\t\t\t\t\t<span class=\"elementor-icon-list-text\">Recibo de pago de un servicio b\u00e1sico (luz, agua, tel\u00e9fono).<\/span>\n\t\t\t\t\t\t\t\t\t<\/li>\n\t\t\t\t\t\t<\/ul>\n\t\t\t\t\t\t<\/div>\n\t\t\t\t<\/div>\n\t\t\t\t\t<\/div>\n\t\t<\/div>\n\t\t\t\t\t<\/div>\n\t\t<\/section>\n\t\t\t\t<\/div>\n\t\t","protected":false},"excerpt":{"rendered":"<p>Una cooperativa confiable Ahorro a la vista Te ayudar\u00e1 a mantener tu dinero seguro y disponible cuando t\u00fa quieras. Beneficios: final Ser socio de la instituci\u00f3n. final Acceso a servicios m\u00e9dicos. final Respaldo y seguridad en su dinero. final No tiene consto de mantenimiento. final Acceso a cr\u00e9ditos de manera inmediata. final Accede a beneficios [&hellip;]<\/p>\n","protected":false},"author":2,"featured_media":0,"parent":91,"menu_order":0,"comment_status":"closed","ping_status":"closed","template":"","meta":{"ocean_post_layout":"","ocean_both_sidebars_style":"","ocean_both_sidebars_content_width":0,"ocean_both_sidebars_sidebars_width":0,"ocean_sidebar":"0","ocean_second_sidebar":"0","ocean_disable_margins":"enable","ocean_add_body_class":"","ocean_shortcode_before_top_bar":"","ocean_shortcode_after_top_bar":"","ocean_shortcode_before_header":"","ocean_shortcode_after_header":"","ocean_has_shortcode":"","ocean_shortcode_after_title":"","ocean_shortcode_before_footer_widgets":"","ocean_shortcode_after_footer_widgets":"","ocean_shortcode_before_footer_bottom":"","ocean_shortcode_after_footer_bottom":"","ocean_display_top_bar":"default","ocean_display_header":"default","ocean_header_style":"","ocean_center_header_left_menu":"0","ocean_custom_header_template":"0","ocean_custom_logo":0,"ocean_custom_retina_logo":0,"ocean_custom_logo_max_width":0,"ocean_custom_logo_tablet_max_width":0,"ocean_custom_logo_mobile_max_width":0,"ocean_custom_logo_max_height":0,"ocean_custom_logo_tablet_max_height":0,"ocean_custom_logo_mobile_max_height":0,"ocean_header_custom_menu":"0","ocean_menu_typo_font_family":"0","ocean_menu_typo_font_subset":"","ocean_menu_typo_font_size":0,"ocean_menu_typo_font_size_tablet":0,"ocean_menu_typo_font_size_mobile":0,"ocean_menu_typo_font_size_unit":"px","ocean_menu_typo_font_weight":"","ocean_menu_typo_font_weight_tablet":"","ocean_menu_typo_font_weight_mobile":"","ocean_menu_typo_transform":"","ocean_menu_typo_transform_tablet":"","ocean_menu_typo_transform_mobile":"","ocean_menu_typo_line_height":0,"ocean_menu_typo_line_height_tablet":0,"ocean_menu_typo_line_height_mobile":0,"ocean_menu_typo_line_height_unit":"","ocean_menu_typo_spacing":0,"ocean_menu_typo_spacing_tablet":0,"ocean_menu_typo_spacing_mobile":0,"ocean_menu_typo_spacing_unit":"","ocean_menu_link_color":"","ocean_menu_link_color_hover":"","ocean_menu_link_color_active":"","ocean_menu_link_background":"","ocean_menu_link_hover_background":"","ocean_menu_link_active_background":"","ocean_menu_social_links_bg":"","ocean_menu_social_hover_links_bg":"","ocean_menu_social_links_color":"","ocean_menu_social_hover_links_color":"","ocean_disable_title":"default","ocean_disable_heading":"default","ocean_post_title":"","ocean_post_subheading":"","ocean_post_title_style":"","ocean_post_title_background_color":"","ocean_post_title_background":0,"ocean_post_title_bg_image_position":"","ocean_post_title_bg_image_attachment":"","ocean_post_title_bg_image_repeat":"","ocean_post_title_bg_image_size":"","ocean_post_title_height":0,"ocean_post_title_bg_overlay":0.5,"ocean_post_title_bg_overlay_color":"","ocean_disable_breadcrumbs":"default","ocean_breadcrumbs_color":"","ocean_breadcrumbs_separator_color":"","ocean_breadcrumbs_links_color":"","ocean_breadcrumbs_links_hover_color":"","ocean_display_footer_widgets":"default","ocean_display_footer_bottom":"default","ocean_custom_footer_template":"0","footnotes":""},"class_list":["post-2767","page","type-page","status-publish","hentry","entry"],"_links":{"self":[{"href":"https:\/\/www.coacunionpopular.com\/wordpress\/wp-json\/wp\/v2\/pages\/2767","targetHints":{"allow":["GET"]}}],"collection":[{"href":"https:\/\/www.coacunionpopular.com\/wordpress\/wp-json\/wp\/v2\/pages"}],"about":[{"href":"https:\/\/www.coacunionpopular.com\/wordpress\/wp-json\/wp\/v2\/types\/page"}],"author":[{"embeddable":true,"href":"https:\/\/www.coacunionpopular.com\/wordpress\/wp-json\/wp\/v2\/users\/2"}],"replies":[{"embeddable":true,"href":"https:\/\/www.coacunionpopular.com\/wordpress\/wp-json\/wp\/v2\/comments?post=2767"}],"version-history":[{"count":51,"href":"https:\/\/www.coacunionpopular.com\/wordpress\/wp-json\/wp\/v2\/pages\/2767\/revisions"}],"predecessor-version":[{"id":3501,"href":"https:\/\/www.coacunionpopular.com\/wordpress\/wp-json\/wp\/v2\/pages\/2767\/revisions\/3501"}],"up":[{"embeddable":true,"href":"https:\/\/www.coacunionpopular.com\/wordpress\/wp-json\/wp\/v2\/pages\/91"}],"wp:attachment":[{"href":"https:\/\/www.coacunionpopular.com\/wordpress\/wp-json\/wp\/v2\/media?parent=2767"}],"curies":[{"name":"wp","href":"https:\/\/api.w.org\/{rel}","templated":true}]}}